{"id":63354,"date":"2024-10-02T20:20:08","date_gmt":"2024-10-02T17:20:08","guid":{"rendered":"https:\/\/zennative.eu\/leseecke-blog-und-erfahrungsberichte\/"},"modified":"2024-10-02T20:26:10","modified_gmt":"2024-10-02T17:26:10","slug":"leseecke-blog-und-erfahrungsberichte","status":"publish","type":"page","link":"https:\/\/zennative.eu\/de\/leseecke-blog-und-erfahrungsberichte\/","title":{"rendered":"Leseecke, Blog und Erfahrungsberichte"},"content":{"rendered":"\t\t<div data-elementor-type=\"wp-page\" data-elementor-id=\"63354\" class=\"elementor elementor-63354 elementor-41911\" data-elementor-post-type=\"page\">\n\t\t\t\t\t\t<section class=\"elementor-section elementor-top-section elementor-element elementor-element-d44d6a9 elementor-section-boxed elementor-section-height-default elementor-section-height-default\" data-id=\"d44d6a9\" data-element_type=\"section\" data-e-type=\"section\">\n\t\t\t\t\t\t<div class=\"elementor-container elementor-column-gap-default\">\n\t\t\t\t\t<div class=\"elementor-column elementor-col-100 elementor-top-column elementor-element elementor-element-a79eb61\" data-id=\"a79eb61\" data-element_type=\"column\" data-e-type=\"column\">\n\t\t\t<div class=\"elementor-widget-wrap elementor-element-populated\">\n\t\t\t\t\t\t<div class=\"elementor-element elementor-element-b025f16 elementor-hidden-desktop elementor-hidden-tablet elementor-hidden-mobile elementor-widget elementor-widget-image\" data-id=\"b025f16\" data-element_type=\"widget\" data-e-type=\"widget\" data-widget_type=\"image.default\">\n\t\t\t\t<div class=\"elementor-widget-container\">\n\t\t\t\t\t\t\t\t\t\t\t\t\t\t\t<img fetchpriority=\"high\" decoding=\"async\" width=\"754\" height=\"129\" src=\"https:\/\/zennative.eu\/wp-content\/uploads\/2022\/09\/Zen_Native_Logo_EST.png\" class=\"attachment-large size-large wp-image-44342\" alt=\"blogi\" srcset=\"https:\/\/zennative.eu\/wp-content\/uploads\/2022\/09\/Zen_Native_Logo_EST.png 754w, https:\/\/zennative.eu\/wp-content\/uploads\/2022\/09\/Zen_Native_Logo_EST-300x51.png 300w\" sizes=\"(max-width: 754px) 100vw, 754px\" \/>\t\t\t\t\t\t\t\t\t\t\t\t\t\t\t<\/div>\n\t\t\t\t<\/div>\n\t\t\t\t<div class=\"elementor-element elementor-element-324b0a3 elementor-grid-3 elementor-grid-tablet-2 elementor-grid-mobile-1 elementor-posts--thumbnail-top elementor-widget elementor-widget-posts\" data-id=\"324b0a3\" data-element_type=\"widget\" data-e-type=\"widget\" data-settings=\"{&quot;classic_columns&quot;:&quot;3&quot;,&quot;classic_columns_tablet&quot;:&quot;2&quot;,&quot;classic_columns_mobile&quot;:&quot;1&quot;,&quot;classic_row_gap&quot;:{&quot;unit&quot;:&quot;px&quot;,&quot;size&quot;:35,&quot;sizes&quot;:[]},&quot;classic_row_gap_tablet&quot;:{&quot;unit&quot;:&quot;px&quot;,&quot;size&quot;:&quot;&quot;,&quot;sizes&quot;:[]},&quot;classic_row_gap_mobile&quot;:{&quot;unit&quot;:&quot;px&quot;,&quot;size&quot;:&quot;&quot;,&quot;sizes&quot;:[]}}\" data-widget_type=\"posts.classic\">\n\t\t\t\t<div class=\"elementor-widget-container\">\n\t\t\t\t\t\t\t<div class=\"elementor-posts-container elementor-posts elementor-posts--skin-classic elementor-grid\" role=\"list\">\n\t\t\t\t<article class=\"elementor-post elementor-grid-item post-63590 post type-post status-publish format-standard has-post-thumbnail hentry category-unkategorisiert category-742 description-off\" role=\"listitem\">\n\t\t\t\t<a class=\"elementor-post__thumbnail__link\" href=\"https:\/\/zennative.eu\/de\/unkategorisiert\/wie-kann-man-mit-der-ankunft-des-fruehlings-koerper-und-geist-mit-hilfe-von-cbd-hanf-unterstuetzen\/\" tabindex=\"-1\">\n\t\t\t<div class=\"elementor-post__thumbnail\"><img decoding=\"async\" width=\"1600\" height=\"900\" src=\"https:\/\/zennative.eu\/wp-content\/uploads\/2024\/04\/wfj1iaq1.c3x.jpg\" class=\"attachment-full size-full wp-image-63593\" alt=\"\" srcset=\"https:\/\/zennative.eu\/wp-content\/uploads\/2024\/04\/wfj1iaq1.c3x.jpg 1600w, https:\/\/zennative.eu\/wp-content\/uploads\/2024\/04\/wfj1iaq1.c3x-1200x675.jpg 1200w, https:\/\/zennative.eu\/wp-content\/uploads\/2024\/04\/wfj1iaq1.c3x-300x169.jpg 300w, https:\/\/zennative.eu\/wp-content\/uploads\/2024\/04\/wfj1iaq1.c3x-1024x576.jpg 1024w, https:\/\/zennative.eu\/wp-content\/uploads\/2024\/04\/wfj1iaq1.c3x-768x432.jpg 768w, https:\/\/zennative.eu\/wp-content\/uploads\/2024\/04\/wfj1iaq1.c3x-1536x864.jpg 1536w\" sizes=\"(max-width: 1600px) 100vw, 1600px\" \/><\/div>\n\t\t<\/a>\n\t\t\t\t<div class=\"elementor-post__text\">\n\t\t\t\t<h3 class=\"elementor-post__title\">\n\t\t\t<a href=\"https:\/\/zennative.eu\/de\/unkategorisiert\/wie-kann-man-mit-der-ankunft-des-fruehlings-koerper-und-geist-mit-hilfe-von-cbd-hanf-unterstuetzen\/\">\n\t\t\t\tWie kann man mit der Ankunft des Fr\u00fchlings K\u00f6rper und Geist mit Hilfe von CBD-Hanf unterst\u00fctzen?\t\t\t<\/a>\n\t\t<\/h3>\n\t\t\t\t<div class=\"elementor-post__meta-data\">\n\t\t\t\t\t<span class=\"elementor-post-date\">\n\t\t\t2. Okt. 2024\t\t<\/span>\n\t\t\t\t<\/div>\n\t\t\t\t<div class=\"elementor-post__excerpt\">\n\t\t\t<p>Obwohl sich der dunkle und lange Winter langsam zur\u00fcckzieht und die Natur bereits die ersten Anzeichen des Fr\u00fchlings zeigt, f\u00e4llt es schwer, sich auf die<\/p>\n\t\t<\/div>\n\t\t\n\t\t<a class=\"elementor-post__read-more\" href=\"https:\/\/zennative.eu\/de\/unkategorisiert\/wie-kann-man-mit-der-ankunft-des-fruehlings-koerper-und-geist-mit-hilfe-von-cbd-hanf-unterstuetzen\/\" aria-label=\"Mehr \u00fcber Wie kann man mit der Ankunft des Fr\u00fchlings K\u00f6rper und Geist mit Hilfe von CBD-Hanf unterst\u00fctzen?\" tabindex=\"-1\">\n\t\t\tMehr lesen \"\t\t<\/a>\n\n\t\t\t\t<\/div>\n\t\t\t\t<\/article>\n\t\t\t\t<article class=\"elementor-post elementor-grid-item post-63578 post type-post status-publish format-standard has-post-thumbnail hentry category-unkategorisiert\" role=\"listitem\">\n\t\t\t\t<a class=\"elementor-post__thumbnail__link\" href=\"https:\/\/zennative.eu\/de\/unkategorisiert\/studio-60-jaehrige-grossmutter-erhaelt-mit-natuerlichem-hanfoel-ihre-energie-und-freude-zurueck\/\" tabindex=\"-1\">\n\t\t\t<div class=\"elementor-post__thumbnail\"><img decoding=\"async\" width=\"1200\" height=\"711\" src=\"https:\/\/zennative.eu\/wp-content\/uploads\/2023\/08\/6606d5cd-2ebf-418e-b01a-64fda2c94999.jpg\" class=\"attachment-full size-full wp-image-63579\" alt=\"\" srcset=\"https:\/\/zennative.eu\/wp-content\/uploads\/2023\/08\/6606d5cd-2ebf-418e-b01a-64fda2c94999.jpg 1200w, https:\/\/zennative.eu\/wp-content\/uploads\/2023\/08\/6606d5cd-2ebf-418e-b01a-64fda2c94999-300x178.jpg 300w, https:\/\/zennative.eu\/wp-content\/uploads\/2023\/08\/6606d5cd-2ebf-418e-b01a-64fda2c94999-1024x607.jpg 1024w, https:\/\/zennative.eu\/wp-content\/uploads\/2023\/08\/6606d5cd-2ebf-418e-b01a-64fda2c94999-768x455.jpg 768w\" sizes=\"(max-width: 1200px) 100vw, 1200px\" \/><\/div>\n\t\t<\/a>\n\t\t\t\t<div class=\"elementor-post__text\">\n\t\t\t\t<h3 class=\"elementor-post__title\">\n\t\t\t<a href=\"https:\/\/zennative.eu\/de\/unkategorisiert\/studio-60-jaehrige-grossmutter-erhaelt-mit-natuerlichem-hanfoel-ihre-energie-und-freude-zurueck\/\">\n\t\t\t\tSTUDIO | 60-j\u00e4hrige Gro\u00dfmutter erh\u00e4lt mit nat\u00fcrlichem Hanf\u00f6l ihre Energie und Freude zur\u00fcck\t\t\t<\/a>\n\t\t<\/h3>\n\t\t\t\t<div class=\"elementor-post__meta-data\">\n\t\t\t\t\t<span class=\"elementor-post-date\">\n\t\t\t2. Okt. 2024\t\t<\/span>\n\t\t\t\t<\/div>\n\t\t\t\t<div class=\"elementor-post__excerpt\">\n\t\t\t<p>Aufmerksamkeitsdefizitsyndrom, Angstzust\u00e4nde und Depressionen werden oft als &#8222;neue Alterskrankheiten&#8220; angesehen, die vor allem junge Menschen betreffen, aber auch unbemerkt in der \u00e4lteren Generation recht h\u00e4ufig<\/p>\n\t\t<\/div>\n\t\t\n\t\t<a class=\"elementor-post__read-more\" href=\"https:\/\/zennative.eu\/de\/unkategorisiert\/studio-60-jaehrige-grossmutter-erhaelt-mit-natuerlichem-hanfoel-ihre-energie-und-freude-zurueck\/\" aria-label=\"Mehr \u00fcber STUDIO | 60-j\u00e4hrige Gro\u00dfmutter erh\u00e4lt mit nat\u00fcrlichem Hanf\u00f6l ihre Energie und Freude zur\u00fcck\" tabindex=\"-1\">\n\t\t\tMehr lesen \"\t\t<\/a>\n\n\t\t\t\t<\/div>\n\t\t\t\t<\/article>\n\t\t\t\t<article class=\"elementor-post elementor-grid-item post-63566 post type-post status-publish format-standard has-post-thumbnail hentry category-unkategorisiert\" role=\"listitem\">\n\t\t\t\t<a class=\"elementor-post__thumbnail__link\" href=\"https:\/\/zennative.eu\/de\/unkategorisiert\/maennerarzt-gibt-ratschlaege-wie-kann-man-den-testosteronspiegel-erhoehen-und-ein-haeufiges-problem-der-maennergesundheit-loswerden\/\" tabindex=\"-1\">\n\t\t\t<div class=\"elementor-post__thumbnail\"><img loading=\"lazy\" decoding=\"async\" width=\"1200\" height=\"711\" src=\"https:\/\/zennative.eu\/wp-content\/uploads\/2023\/08\/def6bc00-a916-11ed-92ef-9979847b0d0d.jpg\" class=\"attachment-full size-full wp-image-63567\" alt=\"\" srcset=\"https:\/\/zennative.eu\/wp-content\/uploads\/2023\/08\/def6bc00-a916-11ed-92ef-9979847b0d0d.jpg 1200w, https:\/\/zennative.eu\/wp-content\/uploads\/2023\/08\/def6bc00-a916-11ed-92ef-9979847b0d0d-300x178.jpg 300w, https:\/\/zennative.eu\/wp-content\/uploads\/2023\/08\/def6bc00-a916-11ed-92ef-9979847b0d0d-1024x607.jpg 1024w, https:\/\/zennative.eu\/wp-content\/uploads\/2023\/08\/def6bc00-a916-11ed-92ef-9979847b0d0d-768x455.jpg 768w\" sizes=\"(max-width: 1200px) 100vw, 1200px\" \/><\/div>\n\t\t<\/a>\n\t\t\t\t<div class=\"elementor-post__text\">\n\t\t\t\t<h3 class=\"elementor-post__title\">\n\t\t\t<a href=\"https:\/\/zennative.eu\/de\/unkategorisiert\/maennerarzt-gibt-ratschlaege-wie-kann-man-den-testosteronspiegel-erhoehen-und-ein-haeufiges-problem-der-maennergesundheit-loswerden\/\">\n\t\t\t\tM\u00e4nnerarzt gibt Ratschl\u00e4ge | Wie kann man den Testosteronspiegel erh\u00f6hen und ein h\u00e4ufiges Problem der M\u00e4nnergesundheit loswerden?\t\t\t<\/a>\n\t\t<\/h3>\n\t\t\t\t<div class=\"elementor-post__meta-data\">\n\t\t\t\t\t<span class=\"elementor-post-date\">\n\t\t\t2. Okt. 2024\t\t<\/span>\n\t\t\t\t<\/div>\n\t\t\t\t<div class=\"elementor-post__excerpt\">\n\t\t\t<p>\u00dcber Gesundheitsprobleme von M\u00e4nnern wird nicht viel gesprochen, und doch bereiten sie vielen M\u00e4nnern Kopfschmerzen. Probleme mit der Libido und der Erektion k\u00f6nnen sowohl durch<\/p>\n\t\t<\/div>\n\t\t\n\t\t<a class=\"elementor-post__read-more\" href=\"https:\/\/zennative.eu\/de\/unkategorisiert\/maennerarzt-gibt-ratschlaege-wie-kann-man-den-testosteronspiegel-erhoehen-und-ein-haeufiges-problem-der-maennergesundheit-loswerden\/\" aria-label=\"Mehr \u00fcber M\u00e4nnerarzt gibt Ratschl\u00e4ge | Wie kann man den Testosteronspiegel erh\u00f6hen und ein h\u00e4ufiges Problem der M\u00e4nnergesundheit loswerden?\" tabindex=\"-1\">\n\t\t\tMehr lesen \"\t\t<\/a>\n\n\t\t\t\t<\/div>\n\t\t\t\t<\/article>\n\t\t\t\t<article class=\"elementor-post elementor-grid-item post-63557 post type-post status-publish format-standard has-post-thumbnail hentry category-unkategorisiert\" role=\"listitem\">\n\t\t\t\t<a class=\"elementor-post__thumbnail__link\" href=\"https:\/\/zennative.eu\/de\/unkategorisiert\/kertu-37-als-ich-meine-antidepressiva-gegen-cbd-oel-austauschte-fuehlte-ich-mich-wieder-wie-ein-mensch\/\" tabindex=\"-1\">\n\t\t\t<div class=\"elementor-post__thumbnail\"><img loading=\"lazy\" decoding=\"async\" width=\"1200\" height=\"711\" src=\"https:\/\/zennative.eu\/wp-content\/uploads\/2023\/08\/868692c0-fdf3-11ed-a22a-e3d42f9bcd1f-1.jpg\" class=\"attachment-full size-full wp-image-63894\" alt=\"\" srcset=\"https:\/\/zennative.eu\/wp-content\/uploads\/2023\/08\/868692c0-fdf3-11ed-a22a-e3d42f9bcd1f-1.jpg 1200w, https:\/\/zennative.eu\/wp-content\/uploads\/2023\/08\/868692c0-fdf3-11ed-a22a-e3d42f9bcd1f-1-300x178.jpg 300w, https:\/\/zennative.eu\/wp-content\/uploads\/2023\/08\/868692c0-fdf3-11ed-a22a-e3d42f9bcd1f-1-1024x607.jpg 1024w, https:\/\/zennative.eu\/wp-content\/uploads\/2023\/08\/868692c0-fdf3-11ed-a22a-e3d42f9bcd1f-1-768x455.jpg 768w\" sizes=\"(max-width: 1200px) 100vw, 1200px\" \/><\/div>\n\t\t<\/a>\n\t\t\t\t<div class=\"elementor-post__text\">\n\t\t\t\t<h3 class=\"elementor-post__title\">\n\t\t\t<a href=\"https:\/\/zennative.eu\/de\/unkategorisiert\/kertu-37-als-ich-meine-antidepressiva-gegen-cbd-oel-austauschte-fuehlte-ich-mich-wieder-wie-ein-mensch\/\">\n\t\t\t\tKertu (37) | Als ich meine Antidepressiva gegen CBD-\u00d6l austauschte, f\u00fchlte ich mich wieder wie ein Mensch!\t\t\t<\/a>\n\t\t<\/h3>\n\t\t\t\t<div class=\"elementor-post__meta-data\">\n\t\t\t\t\t<span class=\"elementor-post-date\">\n\t\t\t2. Okt. 2024\t\t<\/span>\n\t\t\t\t<\/div>\n\t\t\t\t<div class=\"elementor-post__excerpt\">\n\t\t\t<p>Angstzust\u00e4nde und Depressionen k\u00f6nnen jeden von uns unerwartet treffen. Pl\u00f6tzlich verschwinden der Geist und der Glanz eines Menschen, und alles, was bleibt, ist ein grauer<\/p>\n\t\t<\/div>\n\t\t\n\t\t<a class=\"elementor-post__read-more\" href=\"https:\/\/zennative.eu\/de\/unkategorisiert\/kertu-37-als-ich-meine-antidepressiva-gegen-cbd-oel-austauschte-fuehlte-ich-mich-wieder-wie-ein-mensch\/\" aria-label=\"Mehr \u00fcber Kertu (37) | Als ich meine Antidepressiva gegen CBD-\u00d6l austauschte, f\u00fchlte ich mich wieder wie ein Mensch!\" tabindex=\"-1\">\n\t\t\tMehr lesen \"\t\t<\/a>\n\n\t\t\t\t<\/div>\n\t\t\t\t<\/article>\n\t\t\t\t<article class=\"elementor-post elementor-grid-item post-63549 post type-post status-publish format-standard has-post-thumbnail hentry category-unkategorisiert\" role=\"listitem\">\n\t\t\t\t<a class=\"elementor-post__thumbnail__link\" href=\"https:\/\/zennative.eu\/de\/unkategorisiert\/warum-hanfoel-fuer-rentner-82-jaehrige-grossmutter-gewinnt-ihre-vitalitaet-und-freude-zurueck\/\" tabindex=\"-1\">\n\t\t\t<div class=\"elementor-post__thumbnail\"><img loading=\"lazy\" decoding=\"async\" width=\"1200\" height=\"711\" src=\"https:\/\/zennative.eu\/wp-content\/uploads\/2023\/08\/cf948010-e59f-11ed-a87a-c9793f1520c6.jpg\" class=\"attachment-full size-full wp-image-63915\" alt=\"\" srcset=\"https:\/\/zennative.eu\/wp-content\/uploads\/2023\/08\/cf948010-e59f-11ed-a87a-c9793f1520c6.jpg 1200w, https:\/\/zennative.eu\/wp-content\/uploads\/2023\/08\/cf948010-e59f-11ed-a87a-c9793f1520c6-300x178.jpg 300w, https:\/\/zennative.eu\/wp-content\/uploads\/2023\/08\/cf948010-e59f-11ed-a87a-c9793f1520c6-1024x607.jpg 1024w, https:\/\/zennative.eu\/wp-content\/uploads\/2023\/08\/cf948010-e59f-11ed-a87a-c9793f1520c6-768x455.jpg 768w\" sizes=\"(max-width: 1200px) 100vw, 1200px\" \/><\/div>\n\t\t<\/a>\n\t\t\t\t<div class=\"elementor-post__text\">\n\t\t\t\t<h3 class=\"elementor-post__title\">\n\t\t\t<a href=\"https:\/\/zennative.eu\/de\/unkategorisiert\/warum-hanfoel-fuer-rentner-82-jaehrige-grossmutter-gewinnt-ihre-vitalitaet-und-freude-zurueck\/\">\n\t\t\t\tWarum Hanf\u00f6l f\u00fcr Rentner? 82-j\u00e4hrige Gro\u00dfmutter gewinnt ihre Vitalit\u00e4t und Freude zur\u00fcck\t\t\t<\/a>\n\t\t<\/h3>\n\t\t\t\t<div class=\"elementor-post__meta-data\">\n\t\t\t\t\t<span class=\"elementor-post-date\">\n\t\t\t2. Okt. 2024\t\t<\/span>\n\t\t\t\t<\/div>\n\t\t\t\t<div class=\"elementor-post__excerpt\">\n\t\t\t<p>In der komplexen Welt von heute k\u00f6nnen die st\u00e4ndigen beunruhigenden Nachrichten und Ver\u00e4nderungen gro\u00dfes Unbehagen hervorrufen. Die Bew\u00e4ltigung von \u00c4ngsten ist keine leichte Herausforderung, insbesondere<\/p>\n\t\t<\/div>\n\t\t\n\t\t<a class=\"elementor-post__read-more\" href=\"https:\/\/zennative.eu\/de\/unkategorisiert\/warum-hanfoel-fuer-rentner-82-jaehrige-grossmutter-gewinnt-ihre-vitalitaet-und-freude-zurueck\/\" aria-label=\"Mehr \u00fcber Warum Hanf\u00f6l f\u00fcr Rentner? 82-j\u00e4hrige Gro\u00dfmutter gewinnt ihre Vitalit\u00e4t und Freude zur\u00fcck\" tabindex=\"-1\">\n\t\t\tMehr lesen \"\t\t<\/a>\n\n\t\t\t\t<\/div>\n\t\t\t\t<\/article>\n\t\t\t\t<article class=\"elementor-post elementor-grid-item post-63541 post type-post status-publish format-standard has-post-thumbnail hentry category-unkategorisiert\" role=\"listitem\">\n\t\t\t\t<a class=\"elementor-post__thumbnail__link\" href=\"https:\/\/zennative.eu\/de\/unkategorisiert\/zusammenfassung-49-jaehrige-anneli-ich-habe-eine-natuerliche-alternative-gegen-schlaflosigkeit-gefunden-die-funktioniert\/\" tabindex=\"-1\">\n\t\t\t<div class=\"elementor-post__thumbnail\"><img loading=\"lazy\" decoding=\"async\" width=\"2048\" height=\"1365\" src=\"https:\/\/zennative.eu\/wp-content\/uploads\/2023\/01\/Radau-naturalia-alternatyva-migdomiesiems-kuri-tikrai-veikia.jpg\" class=\"attachment-full size-full wp-image-63958\" alt=\"\" srcset=\"https:\/\/zennative.eu\/wp-content\/uploads\/2023\/01\/Radau-naturalia-alternatyva-migdomiesiems-kuri-tikrai-veikia.jpg 2048w, https:\/\/zennative.eu\/wp-content\/uploads\/2023\/01\/Radau-naturalia-alternatyva-migdomiesiems-kuri-tikrai-veikia-1200x800.jpg 1200w, https:\/\/zennative.eu\/wp-content\/uploads\/2023\/01\/Radau-naturalia-alternatyva-migdomiesiems-kuri-tikrai-veikia-300x200.jpg 300w, https:\/\/zennative.eu\/wp-content\/uploads\/2023\/01\/Radau-naturalia-alternatyva-migdomiesiems-kuri-tikrai-veikia-1024x683.jpg 1024w, https:\/\/zennative.eu\/wp-content\/uploads\/2023\/01\/Radau-naturalia-alternatyva-migdomiesiems-kuri-tikrai-veikia-768x512.jpg 768w, https:\/\/zennative.eu\/wp-content\/uploads\/2023\/01\/Radau-naturalia-alternatyva-migdomiesiems-kuri-tikrai-veikia-1536x1024.jpg 1536w\" sizes=\"(max-width: 2048px) 100vw, 2048px\" \/><\/div>\n\t\t<\/a>\n\t\t\t\t<div class=\"elementor-post__text\">\n\t\t\t\t<h3 class=\"elementor-post__title\">\n\t\t\t<a href=\"https:\/\/zennative.eu\/de\/unkategorisiert\/zusammenfassung-49-jaehrige-anneli-ich-habe-eine-natuerliche-alternative-gegen-schlaflosigkeit-gefunden-die-funktioniert\/\">\n\t\t\t\tZUSAMMENFASSUNG | 49-j\u00e4hrige Anneli: &#8222;Ich habe eine nat\u00fcrliche Alternative gegen Schlaflosigkeit gefunden, die funktioniert!&#8220;\t\t\t<\/a>\n\t\t<\/h3>\n\t\t\t\t<div class=\"elementor-post__meta-data\">\n\t\t\t\t\t<span class=\"elementor-post-date\">\n\t\t\t2. Okt. 2024\t\t<\/span>\n\t\t\t\t<\/div>\n\t\t\t\t<div class=\"elementor-post__excerpt\">\n\t\t\t<p>Anneli hatte mit Angstzust\u00e4nden und Schlaflosigkeit zu k\u00e4mpfen, die sich in den Stunden der Dunkelheit verschlimmerten, bis sie auf Anraten ihrer Freunde CBD-\u00d6l ausprobierte. Anneli<\/p>\n\t\t<\/div>\n\t\t\n\t\t<a class=\"elementor-post__read-more\" href=\"https:\/\/zennative.eu\/de\/unkategorisiert\/zusammenfassung-49-jaehrige-anneli-ich-habe-eine-natuerliche-alternative-gegen-schlaflosigkeit-gefunden-die-funktioniert\/\" aria-label=\"Mehr \u00fcber ZUSAMMENFASSUNG | 49-j\u00e4hrige Anneli: &#8222;Ich habe eine nat\u00fcrliche Alternative gegen Schlaflosigkeit gefunden, die funktioniert!&#8220;\" tabindex=\"-1\">\n\t\t\tMehr lesen \"\t\t<\/a>\n\n\t\t\t\t<\/div>\n\t\t\t\t<\/article>\n\t\t\t\t<article class=\"elementor-post elementor-grid-item post-63374 post type-post status-publish format-standard has-post-thumbnail hentry category-unkategorisiert tag-cbd-ol tag-cbd-pod tag-geschichte tag-geschichte-aus tag-hanfol tag-zen-native-de\" role=\"listitem\">\n\t\t\t\t<a class=\"elementor-post__thumbnail__link\" href=\"https:\/\/zennative.eu\/de\/unkategorisiert\/herkunftsgeschichte-der-zen-natives\/\" tabindex=\"-1\">\n\t\t\t<div class=\"elementor-post__thumbnail\"><img loading=\"lazy\" decoding=\"async\" width=\"800\" height=\"700\" src=\"https:\/\/zennative.eu\/wp-content\/uploads\/2021\/12\/ZenNative_first_CBD_oil.png\" class=\"attachment-full size-full wp-image-62970\" alt=\"\" srcset=\"https:\/\/zennative.eu\/wp-content\/uploads\/2021\/12\/ZenNative_first_CBD_oil.png 800w, https:\/\/zennative.eu\/wp-content\/uploads\/2021\/12\/ZenNative_first_CBD_oil-300x263.png 300w, https:\/\/zennative.eu\/wp-content\/uploads\/2021\/12\/ZenNative_first_CBD_oil-1024x896.png 1024w, https:\/\/zennative.eu\/wp-content\/uploads\/2021\/12\/ZenNative_first_CBD_oil-768x672.png 768w, https:\/\/zennative.eu\/wp-content\/uploads\/2021\/12\/ZenNative_first_CBD_oil-1200x1050.png 1200w\" sizes=\"(max-width: 800px) 100vw, 800px\" \/><\/div>\n\t\t<\/a>\n\t\t\t\t<div class=\"elementor-post__text\">\n\t\t\t\t<h3 class=\"elementor-post__title\">\n\t\t\t<a href=\"https:\/\/zennative.eu\/de\/unkategorisiert\/herkunftsgeschichte-der-zen-natives\/\">\n\t\t\t\tHerkunftsgeschichte der Zen Natives\t\t\t<\/a>\n\t\t<\/h3>\n\t\t\t\t<div class=\"elementor-post__meta-data\">\n\t\t\t\t\t<span class=\"elementor-post-date\">\n\t\t\t2. Okt. 2024\t\t<\/span>\n\t\t\t\t<\/div>\n\t\t\t\t<div class=\"elementor-post__excerpt\">\n\t\t\t<p>2019 Zen Native Idee Die Idee zu Zen Native entstand Ende 2019, als Eero sah, wie eine Frau den ersten CBD-Laden in Estland betrat, ihre<\/p>\n\t\t<\/div>\n\t\t\n\t\t<a class=\"elementor-post__read-more\" href=\"https:\/\/zennative.eu\/de\/unkategorisiert\/herkunftsgeschichte-der-zen-natives\/\" aria-label=\"Mehr \u00fcber Herkunftsgeschichte der Zen Natives\" tabindex=\"-1\">\n\t\t\tMehr lesen \"\t\t<\/a>\n\n\t\t\t\t<\/div>\n\t\t\t\t<\/article>\n\t\t\t\t<article class=\"elementor-post elementor-grid-item post-63362 post type-post status-publish format-standard has-post-thumbnail hentry category-unkategorisiert tag-angste tag-cannabis tag-cbd-de tag-cbd-ol tag-covid-de tag-hilfe tag-immunsystem tag-schlaflos tag-schutz tag-wie\" role=\"listitem\">\n\t\t\t\t<a class=\"elementor-post__thumbnail__link\" href=\"https:\/\/zennative.eu\/de\/unkategorisiert\/3-gruende-cbd-oel-staerkt-das-immunsystem\/\" tabindex=\"-1\">\n\t\t\t<div class=\"elementor-post__thumbnail\"><img loading=\"lazy\" decoding=\"async\" width=\"533\" height=\"800\" src=\"https:\/\/zennative.eu\/wp-content\/uploads\/2022\/02\/DSCF3761-scaled.jpg\" class=\"attachment-full size-full wp-image-63363\" alt=\"\" srcset=\"https:\/\/zennative.eu\/wp-content\/uploads\/2022\/02\/DSCF3761-scaled.jpg 533w, https:\/\/zennative.eu\/wp-content\/uploads\/2022\/02\/DSCF3761-200x300.jpg 200w, https:\/\/zennative.eu\/wp-content\/uploads\/2022\/02\/DSCF3761-683x1024.jpg 683w, https:\/\/zennative.eu\/wp-content\/uploads\/2022\/02\/DSCF3761-768x1152.jpg 768w, https:\/\/zennative.eu\/wp-content\/uploads\/2022\/02\/DSCF3761-1024x1536.jpg 1024w, https:\/\/zennative.eu\/wp-content\/uploads\/2022\/02\/DSCF3761-1365x2048.jpg 1365w, https:\/\/zennative.eu\/wp-content\/uploads\/2022\/02\/DSCF3761-1200x1800.jpg 1200w, https:\/\/zennative.eu\/wp-content\/uploads\/2022\/02\/DSCF3761-150x225.jpg 150w\" sizes=\"(max-width: 533px) 100vw, 533px\" \/><\/div>\n\t\t<\/a>\n\t\t\t\t<div class=\"elementor-post__text\">\n\t\t\t\t<h3 class=\"elementor-post__title\">\n\t\t\t<a href=\"https:\/\/zennative.eu\/de\/unkategorisiert\/3-gruende-cbd-oel-staerkt-das-immunsystem\/\">\n\t\t\t\t3 Gr\u00fcnde | CBD-\u00d6l st\u00e4rkt das Immunsystem\t\t\t<\/a>\n\t\t<\/h3>\n\t\t\t\t<div class=\"elementor-post__meta-data\">\n\t\t\t\t\t<span class=\"elementor-post-date\">\n\t\t\t2. Okt. 2024\t\t<\/span>\n\t\t\t\t<\/div>\n\t\t\t\t<div class=\"elementor-post__excerpt\">\n\t\t\t<p>Jeden Tag wird unser K\u00f6rper von verschiedenen Krankheiten und Infektionen bedroht. Wenn die Temperaturen sinken, werden k\u00e4lteliebende Bakterien und Viren wie Influenza und COVID-19 aktiver.<\/p>\n\t\t<\/div>\n\t\t\n\t\t<a class=\"elementor-post__read-more\" href=\"https:\/\/zennative.eu\/de\/unkategorisiert\/3-gruende-cbd-oel-staerkt-das-immunsystem\/\" aria-label=\"Mehr \u00fcber 3 Gr\u00fcnde | CBD-\u00d6l st\u00e4rkt das Immunsystem\" tabindex=\"-1\">\n\t\t\tMehr lesen \"\t\t<\/a>\n\n\t\t\t\t<\/div>\n\t\t\t\t<\/article>\n\t\t\t\t<article class=\"elementor-post elementor-grid-item post-62838 post type-post status-publish format-standard has-post-thumbnail hentry category-unkategorisiert\" role=\"listitem\">\n\t\t\t\t<a class=\"elementor-post__thumbnail__link\" href=\"https:\/\/zennative.eu\/de\/unkategorisiert\/frei-vom-alkohol-helenes-geschichte-ueber-ein-neues-abendritual-das-ihr-leben-veraendert-hat\/\" tabindex=\"-1\">\n\t\t\t<div class=\"elementor-post__thumbnail\"><img loading=\"lazy\" decoding=\"async\" width=\"1200\" height=\"711\" src=\"https:\/\/zennative.eu\/wp-content\/uploads\/2024\/09\/7d7cf214-1fc7-48e7-9318-3c17133eba3b.jpg\" class=\"attachment-full size-full wp-image-62839\" alt=\"\" srcset=\"https:\/\/zennative.eu\/wp-content\/uploads\/2024\/09\/7d7cf214-1fc7-48e7-9318-3c17133eba3b.jpg 1200w, https:\/\/zennative.eu\/wp-content\/uploads\/2024\/09\/7d7cf214-1fc7-48e7-9318-3c17133eba3b-300x178.jpg 300w, https:\/\/zennative.eu\/wp-content\/uploads\/2024\/09\/7d7cf214-1fc7-48e7-9318-3c17133eba3b-1024x607.jpg 1024w, https:\/\/zennative.eu\/wp-content\/uploads\/2024\/09\/7d7cf214-1fc7-48e7-9318-3c17133eba3b-768x455.jpg 768w\" sizes=\"(max-width: 1200px) 100vw, 1200px\" \/><\/div>\n\t\t<\/a>\n\t\t\t\t<div class=\"elementor-post__text\">\n\t\t\t\t<h3 class=\"elementor-post__title\">\n\t\t\t<a href=\"https:\/\/zennative.eu\/de\/unkategorisiert\/frei-vom-alkohol-helenes-geschichte-ueber-ein-neues-abendritual-das-ihr-leben-veraendert-hat\/\">\n\t\t\t\tFrei vom Alkohol: Helenes Geschichte \u00fcber ein neues Abendritual, das ihr Leben ver\u00e4ndert hat\t\t\t<\/a>\n\t\t<\/h3>\n\t\t\t\t<div class=\"elementor-post__meta-data\">\n\t\t\t\t\t<span class=\"elementor-post-date\">\n\t\t\t2. Okt. 2024\t\t<\/span>\n\t\t\t\t<\/div>\n\t\t\t\t<div class=\"elementor-post__excerpt\">\n\t\t\t<p>Jeder kannte Helen (42) als eine erfolgreiche Frau mit einer warmen und lebhaften Pers\u00f6nlichkeit. Bei der Arbeit war sie praktisch veranlagt und zu Hause k\u00fcmmerte<\/p>\n\t\t<\/div>\n\t\t\n\t\t<a class=\"elementor-post__read-more\" href=\"https:\/\/zennative.eu\/de\/unkategorisiert\/frei-vom-alkohol-helenes-geschichte-ueber-ein-neues-abendritual-das-ihr-leben-veraendert-hat\/\" aria-label=\"Mehr \u00fcber Frei vom Alkohol: Helenes Geschichte \u00fcber ein neues Abendritual, das ihr Leben ver\u00e4ndert hat\" tabindex=\"-1\">\n\t\t\tMehr lesen \"\t\t<\/a>\n\n\t\t\t\t<\/div>\n\t\t\t\t<\/article>\n\t\t\t\t<\/div>\n\t\t\n\t\t\t\t\t\t<\/div>\n\t\t\t\t<\/div>\n\t\t\t\t\t<\/div>\n\t\t<\/div>\n\t\t\t\t\t<\/div>\n\t\t<\/section>\n\t\t\t\t<\/div>\n\t\t","protected":false},"excerpt":{"rendered":"<p>Jeder kannte Helen (42) als eine erfolgreiche Frau mit einer warmen und lebhaften Pers\u00f6nlichkeit. Bei der Arbeit war sie praktisch veranlagt und zu Hause k\u00fcmmerte sie sich um die Kinder und den Haushalt. Abends belohnte sie sich oft mit einem Glas Wein, um die Sorgen des Alltags zu lindern und Stress abzubauen. In letzter Zeit&hellip;<\/p>\n","protected":false},"author":1,"featured_media":0,"parent":0,"menu_order":0,"comment_status":"closed","ping_status":"closed","template":"template-blog-list.php","meta":{"footnotes":""},"class_list":["post-63354","page","type-page","status-publish","hentry"],"_links":{"self":[{"href":"https:\/\/zennative.eu\/de\/wp-json\/wp\/v2\/pages\/63354","targetHints":{"allow":["GET"]}}],"collection":[{"href":"https:\/\/zennative.eu\/de\/wp-json\/wp\/v2\/pages"}],"about":[{"href":"https:\/\/zennative.eu\/de\/wp-json\/wp\/v2\/types\/page"}],"author":[{"embeddable":true,"href":"https:\/\/zennative.eu\/de\/wp-json\/wp\/v2\/users\/1"}],"replies":[{"embeddable":true,"href":"https:\/\/zennative.eu\/de\/wp-json\/wp\/v2\/comments?post=63354"}],"version-history":[{"count":5,"href":"https:\/\/zennative.eu\/de\/wp-json\/wp\/v2\/pages\/63354\/revisions"}],"predecessor-version":[{"id":63510,"href":"https:\/\/zennative.eu\/de\/wp-json\/wp\/v2\/pages\/63354\/revisions\/63510"}],"wp:attachment":[{"href":"https:\/\/zennative.eu\/de\/wp-json\/wp\/v2\/media?parent=63354"}],"curies":[{"name":"wp","href":"https:\/\/api.w.org\/{rel}","templated":true}]}}