{"id":62873,"date":"2024-10-02T20:13:47","date_gmt":"2024-10-02T17:13:47","guid":{"rendered":"https:\/\/zennative.eu\/bedingungen-fuer-den-verkauf\/"},"modified":"2025-06-27T10:18:09","modified_gmt":"2025-06-27T07:18:09","slug":"bedingungen-fuer-den-verkauf","status":"publish","type":"page","link":"https:\/\/zennative.eu\/de\/bedingungen-fuer-den-verkauf\/","title":{"rendered":"Bedingungen f\u00fcr den Verkauf"},"content":{"rendered":"\t\t<div data-elementor-type=\"wp-page\" data-elementor-id=\"62873\" class=\"elementor elementor-62873 elementor-29656\" data-elementor-post-type=\"page\">\n\t\t\t\t\t\t<section class=\"elementor-section elementor-top-section elementor-element elementor-element-9a40cef elementor-reverse-tablet elementor-reverse-mobile elementor-section-boxed elementor-section-height-default elementor-section-height-default\" data-id=\"9a40cef\" data-element_type=\"section\" data-e-type=\"section\">\n\t\t\t\t\t\t<div class=\"elementor-container elementor-column-gap-wide\">\n\t\t\t\t\t<div class=\"elementor-column elementor-col-50 elementor-top-column elementor-element elementor-element-4205337\" data-id=\"4205337\" data-element_type=\"column\" data-e-type=\"column\">\n\t\t\t<div class=\"elementor-widget-wrap elementor-element-populated\">\n\t\t\t\t\t\t<div class=\"elementor-element elementor-element-b44398e elementor-widget elementor-widget-text-editor\" data-id=\"b44398e\" data-element_type=\"widget\" data-e-type=\"widget\" data-widget_type=\"text-editor.default\">\n\t\t\t\t<div class=\"elementor-widget-container\">\n\t\t\t\t\t\t\t\t\t<h4>Verkaufsbedingungen und R\u00fcckgabebedingungen<\/h4><br><p>Der Inhaber des Online-Shops<strong>https:\/\/www.zennative.eu<\/strong> ist <strong>Integritas s.r.o.<\/strong><\/p><br><h4>Geltung des Kaufvertrages, Produkt- und Preisinformationen<\/h4><br><p>Die Verkaufsbedingungen gelten zwischen <strong>https:\/\/www.zennative.eu <\/strong>(nachfolgend <strong>Onlineshop<\/strong> genannt) und dem <strong>Kunden<\/strong>(nachfolgend <strong>Kunde<\/strong> genannt) f\u00fcr die Rechte und Pflichten aus dem Kauf von Waren.<\/p><br><p>Die Verkaufsbedingungen gelten f\u00fcr den Kauf von Waren im Online-Shop.<\/p><br><p>Die Preise der im Online Shop verkauften Produkte sind bei den Produkten angegeben. Der Preis enth\u00e4lt keine Lieferkosten.<\/p><br><p>Die Informationen zu den Waren sind im Online Shop direkt neben den Waren angegeben.<\/p><br><p>Der Online Shop beh\u00e4lt sich das Recht vor, die Verkaufsbedingungen und die Verkaufspreise zu \u00e4ndern. Diese \u00c4nderungen werden auf der Website bekannt gegeben.<\/p><br><h4>Eine Bestellung aufgeben<\/h4><br><p>Um Waren zu bestellen, m\u00fcssen die gew\u00fcnschten Produkte in den Warenkorb gelegt werden. Um eine Bestellung aufgeben zu k\u00f6nnen, m\u00fcssen Sie die erforderlichen Felder ausf\u00fcllen und die entsprechende Liefermethode ausw\u00e4hlen. Anschlie\u00dfend wird der Betrag angezeigt, den Sie per Bank\u00fcberweisung oder mit einer anderen Zahlungsmethode bezahlen k\u00f6nnen.<\/p><br><h4>Der Vertrag kommt zustande, sobald der Betrag auf dem Konto des Webshops gutgeschrieben wurde.<\/h4><br><p>Falls die bestellte Ware nicht geliefert werden kann, weil sie nicht vorr\u00e4tig ist oder aus einem anderen Grund, wird der Kunde so schnell wie m\u00f6glich informiert und der gezahlte Betrag (einschlie\u00dflich der Lieferkosten) wird unverz\u00fcglich, sp\u00e4testens jedoch 14 Tage nach Absendung der Mitteilung, zur\u00fcckerstattet.<\/p><br><h4>Preise<\/h4><br><p>Der Online-Shop beh\u00e4lt sich das Recht vor, die Preise zu \u00e4ndern. Hat der Kunde vor Inkrafttreten der Preis\u00e4nderungen eine Bestellung aufgegeben, so gilt der Preis der Ware zum Zeitpunkt der Rechnungsstellung. Der Kunde hat keinen Anspruch auf eine Entsch\u00e4digung f\u00fcr eine etwaige Differenz.<\/p><br><h4>Lieferung<\/h4><br><p>Die Waren werden in die folgenden L\u00e4nder geliefert: Estland, Lettland, Litauen und Finnland<\/p><br><p><\/p><br><p><\/p><br><p>Ausnahmen sind Wochenenden, am Freitag m\u00fcssen Bestellungen vor 13:00 Uhr aufgegeben werden, wenn Itella Smartpost als Liefermethode gew\u00e4hlt wurde und Sie Ihre Bestellungen am Samstag erhalten m\u00f6chten. Sie k\u00f6nnen Ihre Bestellung bis 16.00 Uhr in den Omniva-Briefkasten einwerfen, damit die Ware auch am Samstag zugestellt wird. <\/p><br><p><br><\/p><br><h4>Haftung und h\u00f6here Gewalt<\/h4><br><p>Der Onlineshop haftet nicht f\u00fcr Sch\u00e4den, die dem K\u00e4ufer entstehen, oder f\u00fcr eine Verz\u00f6gerung bei der Lieferung der Ware, wenn der Schaden oder die Verz\u00f6gerung bei der Lieferung der Ware auf einen Umstand zur\u00fcckzuf\u00fchren ist, den der Onlineshop nicht beeinflussen oder vorhersehen konnte.<\/p><br><h4>Recht auf Widerruf<\/h4><br><p>f\u00fcr die im Online-Shop https:\/\/www.zennative.com gekauften Waren gilt das in den Gesetzen der Republik Estland vorgesehene Garantie- und R\u00fcckgabeverfahren. F\u00fcr gekaufte Waren gilt ein 14-t\u00e4giges R\u00fcckgaberecht nach Erhalt der Ware.<\/p><br><p>Das Widerrufsrecht gilt nicht, wenn der K\u00e4ufer eine juristische Person ist.<\/p><br><p>Die zur\u00fcckgesandte Ware muss unbenutzt, unbesch\u00e4digt und in der Originalverpackung sein.<\/p><br><p>Die Kosten der R\u00fccksendung tr\u00e4gt der Kunde, es sei denn, der Grund f\u00fcr die R\u00fccksendung besteht darin, dass die Ware nicht mit der bestellten Ware \u00fcbereinstimmt oder mangelhaft ist.<\/p><br><p>Wenn die Ware zu einem anderen Zweck als zur Feststellung der Beschaffenheit, der Eigenschaften und der Funktionsweise der Ware verwendet wurde oder wenn sie Gebrauchs- oder Abnutzungserscheinungen aufweist, ist der Webshop berechtigt, das R\u00fcckgabeentgelt entsprechend der Wertminderung der Ware zu reduzieren. Waren.<\/p><br><p>Der Kunde muss den Antrag auf R\u00fcckgabe der Waren innerhalb von 30 Tagen nach Erhalt der Waren durch ein formloses Schreiben an info@zennative.ee mitteilen. Der Antrag muss den Namen des Kunden, den Namen des Produkts und die Bestellnummer enthalten.<\/p><br><p>Der Kunde erh\u00e4lt die Kosten f\u00fcr die zur\u00fcckgesendete Ware unverz\u00fcglich, sp\u00e4testens jedoch 14 Tage nach Eingang des Widerrufs zur\u00fcckerstattet.<\/p><br><p>Der Kunde muss entweder die Ware innerhalb von 14 Tagen ab dem Datum des Antrags zur\u00fccksenden oder den Nachweis erbringen, dass er die Ware innerhalb der vorgenannten Frist an den Spediteur \u00fcbergeben hat.<\/p><br><p>Der Online-Shop kann die R\u00fcckzahlung verweigern, bis er die vertragsgegenst\u00e4ndlichen Waren zur\u00fcckerhalten hat oder bis der K\u00e4ufer den Nachweis erbracht hat, dass er die Waren zur\u00fcckgesandt hat, je nachdem, welches der fr\u00fchere Zeitpunkt ist.<\/p><br><p>Verderbliche und veraltete Produkte werden nicht zur\u00fcckgenommen.<\/p><br><p>Der Online-Shop hat das Recht, vom Kaufvertrag zur\u00fcckzutreten und die Ware von Kleind zur\u00fcckzufordern, wenn der Preis der Ware im Online-Shop aufgrund eines Irrtums deutlich unter dem Marktpreis der Ware angegeben ist.<\/p><br><h4>Sonstige Bestimmungen und Bedingungen<\/h4><br><p>Der Online-Shop haftet nicht f\u00fcr M\u00e4ngel, die nach Auslieferung der Ware an den Kunden auftreten.<\/p><br><p>Wenn die im Online-Shop gekaufte Ware M\u00e4ngel aufweist, f\u00fcr die der Online-Shop haftet, wird der Online-Shop die mangelhafte Ware reparieren oder ersetzen. Falls die Ware nicht repariert oder ersetzt werden kann, erstattet der Webshop dem Kunden alle <span style=\"color: var(--the7-base-color);font: var(--the7-base-font-big);letter-spacing: var(--the7-base-letter-spacing);text-transform: var(--the7-base-text-transform);text-decoration: var(--the7-base-text-decoration)\">Kosten im Zusammenhang mit dem Kaufvertrag.<\/span><\/p><br><p>Der Webshop antwortet auf die Beschwerde des Verbrauchers schriftlich oder in einer schriftlich wiedergebbaren Form innerhalb von 15 Tagen.<\/p><br><h4>Direktmarketing und Verarbeitung von personenbezogenen Daten<\/h4><br><p>Der Online-Shop verwendet die vom Kunden angegebenen personenbezogenen Daten (u. a. Name, Telefonnummer, Adresse, E-Mail-Adresse, Bankverbindung) ausschlie\u00dflich zur Bearbeitung der Bestellung und zum Versand der Waren an den Kunden. Der Online-Shop gibt personenbezogene Daten an ein Transportunternehmen weiter, das die Warenlieferung durchf\u00fchrt.<\/p><br><p>Der Onlineshop sendet Newsletter und Angebote an den Kunden nur dann an dessen E-Mail-Adresse, wenn der Kunde durch Angabe seiner E-Mail-Adresse auf der Website den Wunsch ge\u00e4u\u00dfert hat, Direktmailings zu erhalten.<\/p><br><p>Der K\u00e4ufer hat die M\u00f6glichkeit, die Zusendung von Angeboten und Newslettern per E-Mail jederzeit abzubestellen, indem er uns dies per E-Mail mitteilt oder den Anweisungen in der E-Mail mit den Angeboten folgt.<\/p><br><h4>Beilegung von Streitigkeiten<\/h4><br><p>Wenn der Kunde eine Beschwerde \u00fcber den Online-Shop hat, sollte er diese an die folgende E-Mail-Adresse senden: <a href=\"mailto:tallinn@zennative.ee\">info@zennative.ee<\/a> oder per Telefon: <a href=\"tel:0037255524424\">+372 555 24 424<\/a><\/p><br><p>Streitigkeiten und Meinungsverschiedenheiten, die sich aus den vorliegenden Bedingungen ergeben, werden durch Verhandlungen zwischen den Parteien beigelegt. Falls Streitigkeiten und Meinungsverschiedenheiten zwischen den Parteien nicht durch Verhandlungen zwischen den Parteien beigelegt werden k\u00f6nnen, haben beide Parteien das Recht, ihre Rechte vor dem Amt f\u00fcr Verbraucherschutz oder vor Gericht geltend zu machen.<\/p>\t\t\t\t\t\t\t\t<\/div>\n\t\t\t\t<\/div>\n\t\t\t\t\t<\/div>\n\t\t<\/div>\n\t\t\t\t<div class=\"elementor-column elementor-col-50 elementor-top-column elementor-element elementor-element-7db51b5\" data-id=\"7db51b5\" data-element_type=\"column\" data-e-type=\"column\">\n\t\t\t<div class=\"elementor-widget-wrap\">\n\t\t\t\t\t\t\t<\/div>\n\t\t<\/div>\n\t\t\t\t\t<\/div>\n\t\t<\/section>\n\t\t\t\t<\/div>\n\t\t","protected":false},"excerpt":{"rendered":"<p>Verkaufsbedingungen und R\u00fcckgabebedingungen Der Inhaber des Online-Shopshttps:\/\/www.zennative.eu ist Integritas s.r.o. Geltung des Kaufvertrages, Produkt- und Preisinformationen Die Verkaufsbedingungen gelten zwischen https:\/\/www.zennative.eu (nachfolgend Onlineshop genannt) und dem Kunden(nachfolgend Kunde genannt) f\u00fcr die Rechte und Pflichten aus dem Kauf von Waren. Die Verkaufsbedingungen gelten f\u00fcr den Kauf von Waren im Online-Shop. Die Preise der im Online Shop&hellip;<\/p>\n","protected":false},"author":1,"featured_media":0,"parent":0,"menu_order":100,"comment_status":"closed","ping_status":"closed","template":"","meta":{"footnotes":""},"class_list":["post-62873","page","type-page","status-publish","hentry"],"_links":{"self":[{"href":"https:\/\/zennative.eu\/de\/wp-json\/wp\/v2\/pages\/62873","targetHints":{"allow":["GET"]}}],"collection":[{"href":"https:\/\/zennative.eu\/de\/wp-json\/wp\/v2\/pages"}],"about":[{"href":"https:\/\/zennative.eu\/de\/wp-json\/wp\/v2\/types\/page"}],"author":[{"embeddable":true,"href":"https:\/\/zennative.eu\/de\/wp-json\/wp\/v2\/users\/1"}],"replies":[{"embeddable":true,"href":"https:\/\/zennative.eu\/de\/wp-json\/wp\/v2\/comments?post=62873"}],"version-history":[{"count":6,"href":"https:\/\/zennative.eu\/de\/wp-json\/wp\/v2\/pages\/62873\/revisions"}],"predecessor-version":[{"id":65133,"href":"https:\/\/zennative.eu\/de\/wp-json\/wp\/v2\/pages\/62873\/revisions\/65133"}],"wp:attachment":[{"href":"https:\/\/zennative.eu\/de\/wp-json\/wp\/v2\/media?parent=62873"}],"curies":[{"name":"wp","href":"https:\/\/api.w.org\/{rel}","templated":true}]}}